{"id":25,"date":"2024-04-09T12:24:48","date_gmt":"2024-04-09T10:24:48","guid":{"rendered":"https:\/\/web665.e1.metayota.com\/?page_id=25"},"modified":"2024-04-18T22:41:48","modified_gmt":"2024-04-18T20:41:48","slug":"geschaeftsversicherungen","status":"publish","type":"page","link":"https:\/\/www.polina-eckert.de\/bg\/geschaeftsversicherungen\/","title":{"rendered":"\u0411\u0438\u0437\u043d\u0435\u0441 \u0437\u0430\u0441\u0442\u0440\u0430\u0445\u043e\u0432\u0430\u043d\u0435"},"content":{"rendered":"<p>\u0412\u0441\u044f\u043a\u0430 \u043a\u043e\u043c\u043f\u0430\u043d\u0438\u044f \u0438\u043c\u0430 \u0438\u043d\u0434\u0438\u0432\u0438\u0434\u0443\u0430\u043b\u043d\u0438 \u0440\u0438\u0441\u043a\u043e\u0432\u0435, \u043a\u043e\u0438\u0442\u043e \u0438\u0437\u0438\u0441\u043a\u0432\u0430\u0442 \u0441\u043f\u0435\u0446\u0438\u0430\u043b\u043d\u0438 \u0437\u0430\u0441\u0442\u0440\u0430\u0445\u043e\u0432\u0430\u0442\u0435\u043b\u043d\u0438 \u0440\u0435\u0448\u0435\u043d\u0438\u044f. \u0421 \u043c\u043e\u044f \u043e\u043f\u0438\u0442 \u043c\u043e\u0433\u0430 \u0434\u0430 \u0432\u0438 \u043f\u043e\u043c\u043e\u0433\u043d\u0430 \u0434\u0430 \u043d\u0430\u043c\u0435\u0440\u0438\u0442\u0435 \u043d\u0430\u0439-\u0434\u043e\u0431\u0440\u0430\u0442\u0430 \u0437\u0430\u0449\u0438\u0442\u0430 \u0437\u0430 \u0432\u0430\u0448\u0438\u044f \u0431\u0438\u0437\u043d\u0435\u0441 - \u043e\u0442 \u0433\u0440\u0430\u0436\u0434\u0430\u043d\u0441\u043a\u0430 \u043e\u0442\u0433\u043e\u0432\u043e\u0440\u043d\u043e\u0441\u0442 \u0434\u043e \u043a\u0438\u0431\u0435\u0440\u0437\u0430\u0441\u0442\u0440\u0430\u0445\u043e\u0432\u043a\u0430.<\/p>\n\n\n\n<p>\u041e\u0442\u043a\u0440\u0438\u0439\u0442\u0435 \u043f\u0435\u0440\u0441\u043e\u043d\u0430\u043b\u0438\u0437\u0438\u0440\u0430\u043d\u0438 \u0437\u0430\u0441\u0442\u0440\u0430\u0445\u043e\u0432\u0430\u0442\u0435\u043b\u043d\u0438 \u043e\u043f\u0446\u0438\u0438, \u043a\u043e\u0438\u0442\u043e \u0437\u0430\u0449\u0438\u0442\u0430\u0432\u0430\u0442 \u0432\u0430\u0448\u0430\u0442\u0430 \u043a\u043e\u043c\u043f\u0430\u043d\u0438\u044f \u043e\u0442 \u043c\u043d\u043e\u0433\u043e\u0431\u0440\u043e\u0439\u043d\u0438\u0442\u0435 \u043f\u0440\u0435\u0434\u0438\u0437\u0432\u0438\u043a\u0430\u0442\u0435\u043b\u0441\u0442\u0432\u0430 \u0432 \u0413\u0435\u0440\u043c\u0430\u043d\u0438\u044f. \u0421\u0432\u044a\u0440\u0436\u0435\u0442\u0435 \u0441\u0435 \u0441 \u043c\u0435\u043d \u0437\u0430 \u043b\u0438\u0447\u043d\u0430 \u043a\u043e\u043d\u0441\u0443\u043b\u0442\u0430\u0446\u0438\u044f.<\/p>\n\n\n\n<p>\u041d\u0430\u0439-\u0432\u0430\u0436\u043d\u0438\u0442\u0435 \u0431\u0438\u0437\u043d\u0435\u0441 \u0437\u0430\u0441\u0442\u0440\u0430\u0445\u043e\u0432\u043a\u0438 \u043d\u0430\u043a\u0440\u0430\u0442\u043a\u043e:<\/p>\n\n\n\n<ul class=\"wp-block-list\">\n<li><a href=\"https:\/\/www.polina-eckert.de\/bg\/geschaeftsversicherungen\/betriebliche-altersvorsorge-bav\/\" data-type=\"page\" data-id=\"64\">\u0424\u0438\u0440\u043c\u0435\u043d\u0430 \u043f\u0435\u043d\u0441\u0438\u043e\u043d\u043d\u0430 \u0441\u0445\u0435\u043c\u0430 (BAV)<\/a><\/li>\n\n\n\n<li><a href=\"https:\/\/www.polina-eckert.de\/bg\/geschaeftsversicherungen\/betriebliche-krankenversicherungen-fuer-mitarbeiter\/\" data-type=\"page\" data-id=\"62\">\u0417\u0434\u0440\u0430\u0432\u043d\u043e \u043e\u0441\u0438\u0433\u0443\u0440\u044f\u0432\u0430\u043d\u0435 \u043d\u0430 \u0441\u043b\u0443\u0436\u0438\u0442\u0435\u043b\u0438\u0442\u0435 \u0432 \u043a\u043e\u043c\u043f\u0430\u043d\u0438\u044f\u0442\u0430<\/a><\/li>\n\n\n\n<li><a href=\"https:\/\/www.polina-eckert.de\/bg\/geschaeftsversicherungen\/do\/\" data-type=\"page\" data-id=\"59\">\u0417\u0430\u0441\u0442\u0440\u0430\u0445\u043e\u0432\u043a\u0430 D&amp;O (\u041e\u0442\u0433\u043e\u0432\u043e\u0440\u043d\u043e\u0441\u0442 \u043d\u0430 \u0434\u0438\u0440\u0435\u043a\u0442\u043e\u0440\u0438\u0442\u0435 \u0438 \u0441\u043b\u0443\u0436\u0438\u0442\u0435\u043b\u0438\u0442\u0435)<\/a><\/li>\n\n\n\n<li><a href=\"https:\/\/www.polina-eckert.de\/bg\/geschaeftsversicherungen\/betriebsunterbrechung\/\" data-type=\"page\" data-id=\"56\">\u0417\u0430\u0441\u0442\u0440\u0430\u0445\u043e\u0432\u043a\u0430 \u0441\u0440\u0435\u0449\u0443 \u043f\u0440\u0435\u043a\u044a\u0441\u0432\u0430\u043d\u0435 \u043d\u0430 \u0434\u0435\u0439\u043d\u043e\u0441\u0442\u0442\u0430<\/a><\/li>\n\n\n\n<li><a href=\"https:\/\/www.polina-eckert.de\/bg\/geschaeftsversicherungen\/inventarversicherung\/\" data-type=\"page\" data-id=\"54\">\u0417\u0430\u0441\u0442\u0440\u0430\u0445\u043e\u0432\u043a\u0430 \u043d\u0430 \u0438\u043d\u0432\u0435\u043d\u0442\u0430\u0440\u0430<\/a><\/li>\n\n\n\n<li><a href=\"https:\/\/www.polina-eckert.de\/bg\/geschaeftsversicherungen\/betriebsrechtsschutz\/\" data-type=\"page\" data-id=\"52\">\u041f\u0440\u0430\u0432\u043d\u0430 \u0437\u0430\u0449\u0438\u0442\u0430 \u043d\u0430 \u0431\u0438\u0437\u043d\u0435\u0441\u0430<\/a><\/li>\n\n\n\n<li><a href=\"https:\/\/www.polina-eckert.de\/bg\/geschaeftsversicherungen\/betriebshaftpflicht\/\" data-type=\"page\" data-id=\"48\">\u0413\u0440\u0430\u0436\u0434\u0430\u043d\u0441\u043a\u0430 \u043e\u0442\u0433\u043e\u0432\u043e\u0440\u043d\u043e\u0441\u0442<\/a><\/li>\n<\/ul>","protected":false},"excerpt":{"rendered":"<p>Jedes Unternehmen hat individuelle Risiken, die speziell abgesicherte L\u00f6sungen erfordern. Mit meiner Erfahrung unterst\u00fctze ich Sie dabei, den optimalen Schutz f\u00fcr Ihr Gesch\u00e4ft zu finden \u2013 von der Betriebshaftpflicht bis zur Cyber-Versicherung. Entdecken Sie ma\u00dfgeschneiderte Versicherungsoptionen, die Ihr Unternehmen vor den vielf\u00e4ltigen Herausforderungen in Deutschland sch\u00fctzen. Kontaktieren Sie mich f\u00fcr eine pers\u00f6nliche Beratung. Die wichtigsten [&hellip;]<\/p>","protected":false},"author":1,"featured_media":0,"parent":0,"menu_order":0,"comment_status":"closed","ping_status":"closed","template":"","meta":{"footnotes":""},"class_list":["post-25","page","type-page","status-publish","hentry"],"_links":{"self":[{"href":"https:\/\/www.polina-eckert.de\/bg\/wp-json\/wp\/v2\/pages\/25","targetHints":{"allow":["GET"]}}],"collection":[{"href":"https:\/\/www.polina-eckert.de\/bg\/wp-json\/wp\/v2\/pages"}],"about":[{"href":"https:\/\/www.polina-eckert.de\/bg\/wp-json\/wp\/v2\/types\/page"}],"author":[{"embeddable":true,"href":"https:\/\/www.polina-eckert.de\/bg\/wp-json\/wp\/v2\/users\/1"}],"replies":[{"embeddable":true,"href":"https:\/\/www.polina-eckert.de\/bg\/wp-json\/wp\/v2\/comments?post=25"}],"version-history":[{"count":3,"href":"https:\/\/www.polina-eckert.de\/bg\/wp-json\/wp\/v2\/pages\/25\/revisions"}],"predecessor-version":[{"id":306,"href":"https:\/\/www.polina-eckert.de\/bg\/wp-json\/wp\/v2\/pages\/25\/revisions\/306"}],"wp:attachment":[{"href":"https:\/\/www.polina-eckert.de\/bg\/wp-json\/wp\/v2\/media?parent=25"}],"curies":[{"name":"wp","href":"https:\/\/api.w.org\/{rel}","templated":true}]}}